{"id":402,"date":"2017-02-06T21:19:06","date_gmt":"2017-02-06T21:19:06","guid":{"rendered":"http:\/\/www.ulysses.hr\/?page_id=402\/"},"modified":"2023-10-02T11:04:04","modified_gmt":"2023-10-02T09:04:04","slug":"production","status":"publish","type":"page","link":"https:\/\/www.ulysses.hr\/en\/contact\/production\/","title":{"rendered":"Production"},"content":{"rendered":"<div id=\"main\">\n<div class=\"container_12\">\n<div class=\"content\">\n<div class=\"contacts\">\n<p><strong>Umjetni\u010dka organizacija Kazali\u0161te Ulysses<\/strong><br \/>\nV. Kova\u010di\u0107a 16<br \/>\n10020 Zagreb<br \/>\nHrvatska\/Croatia<\/p>\n<p>MB: 01546481<br \/>\nOIB: 61763011172<br \/>\nBanka: Privredbna banka Zagreb d.d., Radni\u010dka cesta 50, 10000 Zagreb<br \/>\nAccount number\/IBAN: HR07 23400091110591515<br \/>\nSWIFT: PBZGHR2X<\/p>\n<div class=\"contact_container\">\n<table class=\"contact_list\" cellspacing=\"0\">\n<tbody>\n<tr>\n<td>Theatre director:<\/td>\n<td>Danilo \u0160erbed\u017eija<\/td>\n<td>&nbsp;<\/td>\n<td>&nbsp;<\/td>\n<\/tr>\n<tr>\n<td>Founders of Ulysses Theatre:<\/td>\n<td>Rade \u0160erbed\u017eija i Borislav Vuj\u010di\u0107<\/td>\n<td>&nbsp;<\/td>\n<td>&nbsp;<\/td>\n<\/tr>\n<tr>\n<td>Art director:<\/td>\n<td>Lenka Udovi\u010dki<\/td>\n<td>&nbsp;<\/td>\n<td>&nbsp;<\/td>\n<\/tr>\n<tr>\n<td>&nbsp;<\/td>\n<td>&nbsp;<\/td>\n<td>&nbsp;<\/td>\n<td>&nbsp;<\/td>\n<\/tr>\n<tr>\n<td>Secretary:<\/td>\n<td>Mirjana \u0160imac<\/td>\n<td><a href=\"mailto:ulysses@ulysses.hr\">ulysses@ulysses.hr<\/a><\/td>\n<td>091 566 54 50<\/td>\n<\/tr>\n<tr>\n<td>International relations:<\/td>\n<td>Mario Gigovi\u0107<\/td>\n<td><a href=\"mailto:mario@ulysses.hr\">mario@ulysses.hr<\/a><\/td>\n<td>091 16 99 026<\/td>\n<\/tr>\n<tr>\n<td>Technical manager:<\/td>\n<td>Ivan Anton\u010di\u0107<\/td>\n<td><a href=\"mailto:antoncicivan@gmail.com\">antoncicivan@gmail.com<\/a><\/td>\n<td>091 537 6769<\/td>\n<\/tr>\n<tr>\n<td>&nbsp;<\/td>\n<td>&nbsp;<\/td>\n<td>&nbsp;<\/td>\n<td>&nbsp;<\/td>\n<\/tr>\n<tr>\n<td>Box office:<\/td>\n<td>&nbsp;<\/td>\n<td><a href=\"mailto:ulaznice@ulysses.hr\">ulaznice@ulysses.hr<\/a><\/td>\n<td>091 918 05 98<\/td>\n<\/tr>\n<tr class=\"last\">\n<td>&nbsp;<\/td>\n<td>&nbsp;<\/td>\n<td>&nbsp;<\/td>\n<td>&nbsp;<\/td>\n<\/tr>\n<\/tbody>\n<\/table>\n<\/div>\n<\/div>\n<\/div>\n<\/div>\n<\/div>\n","protected":false},"excerpt":{"rendered":"<p>Umjetni\u010dka organizacija Kazali\u0161te Ulysses V. Kova\u010di\u0107a 16 10020 Zagreb Hrvatska\/Croatia MB: 01546481 OIB: 61763011172 Banka: Privredbna banka Zagreb d.d., Radni\u010dka cesta 50, 10000 Zagreb Account number\/IBAN: HR07 23400091110591515 SWIFT: PBZGHR2X Theatre director: Danilo \u0160erbed\u017eija &nbsp; &nbsp; Founders of Ulysses Theatre: Rade \u0160erbed\u017eija i Borislav Vuj\u010di\u0107 &nbsp; &nbsp; Art director: Lenka Udovi\u010dki &nbsp; &nbsp; &nbsp; &nbsp; [&hellip;]<\/p>\n","protected":false},"author":1,"featured_media":0,"parent":398,"menu_order":19,"comment_status":"closed","ping_status":"closed","template":"","meta":{"_acf_changed":false,"footnotes":""},"class_list":["post-402","page","type-page","status-publish","hentry"],"acf":[],"_links":{"self":[{"href":"https:\/\/www.ulysses.hr\/en\/wp-json\/wp\/v2\/pages\/402","targetHints":{"allow":["GET"]}}],"collection":[{"href":"https:\/\/www.ulysses.hr\/en\/wp-json\/wp\/v2\/pages"}],"about":[{"href":"https:\/\/www.ulysses.hr\/en\/wp-json\/wp\/v2\/types\/page"}],"author":[{"embeddable":true,"href":"https:\/\/www.ulysses.hr\/en\/wp-json\/wp\/v2\/users\/1"}],"replies":[{"embeddable":true,"href":"https:\/\/www.ulysses.hr\/en\/wp-json\/wp\/v2\/comments?post=402"}],"version-history":[{"count":7,"href":"https:\/\/www.ulysses.hr\/en\/wp-json\/wp\/v2\/pages\/402\/revisions"}],"predecessor-version":[{"id":24555,"href":"https:\/\/www.ulysses.hr\/en\/wp-json\/wp\/v2\/pages\/402\/revisions\/24555"}],"up":[{"embeddable":true,"href":"https:\/\/www.ulysses.hr\/en\/wp-json\/wp\/v2\/pages\/398"}],"wp:attachment":[{"href":"https:\/\/www.ulysses.hr\/en\/wp-json\/wp\/v2\/media?parent=402"}],"curies":[{"name":"wp","href":"https:\/\/api.w.org\/{rel}","templated":true}]}}