{"id":289,"date":"2017-01-21T16:21:49","date_gmt":"2017-01-21T16:21:49","guid":{"rendered":"http:\/\/www.ulysses.hr\/?page_id=289\/"},"modified":"2019-05-21T19:30:46","modified_gmt":"2019-05-21T17:30:46","slug":"founders","status":"publish","type":"page","link":"https:\/\/www.ulysses.hr\/en\/about-us\/founders\/","title":{"rendered":"Founders"},"content":{"rendered":"<p><strong><img loading=\"lazy\" decoding=\"async\" class=\"alignleft  wp-image-1574\" src=\"http:\/\/www.ulysses.hr\/wp-content\/uploads\/2017\/01\/radeserbedzija.jpg\" alt=\"\" width=\"220\" height=\"300\" srcset=\"https:\/\/www.ulysses.hr\/wp-content\/uploads\/2017\/01\/radeserbedzija.jpg 639w, https:\/\/www.ulysses.hr\/wp-content\/uploads\/2017\/01\/radeserbedzija-220x300.jpg 220w, https:\/\/www.ulysses.hr\/wp-content\/uploads\/2017\/01\/radeserbedzija-73x100.jpg 73w\" sizes=\"auto, (max-width: 220px) 100vw, 220px\" \/>Rade \u0160erbed\u017eija<\/strong> graduated from the Academy of Dramatic Arts in Zagreb. Still a student, he started to play the leading roles in films and theatre productions. He is remembered as an outstanding Peer Gynt, Don Juan, Georgij, Melkior, Oedipus, Hamlet, Leon, King Lear and Richard III. He has written and published four books of poetry and an autobiography, released six albums, and directed 12 plays (Ballads of Petrica Kerempuh, They Say the Owl Was a Baker\u2019s Daughter, Judith, Croatian Nightingale, Play Beckett&#8230;). He has shot more than one hundred films (Red Wheat, Body Scent, Manhunt, Evening Bells, Bravo Maestro, Variola Vera, Una, Burning, Life is Beautiful, Cyclops, The Return, Horvat\u2019s Choice, Dreaming the Rose, Contessa Dora&#8230;), and starred in leading roles in several TV series (A Lone Man, In the Registry, Beggars and Sons, The Bombing Process, Nikola Tesla, A Voyage to Vu\u010djak &#8230;). He joined Vanessa Redgrave to found a theatre company that produced plays such as Brecht in Exile, Liberation of Skopje, Smoke, Opera Sarajevo and has taken part in many charity and peace initiatives.<\/p>\n<p>After the worldwide success of Before the Rain by Milcho Manchevski in 1994, where he played the leading role, he was cast in films by some of the world\u2019s most prominent directors (P. Noyce, J. Woo, S. Kubrick, C. Eastwood&#8230;), appearing in films such as The Saint, The Truce, The Prague Duet, Broken English, Eyes Wide Shut, Polish Wedding, Stigmata, Mighty Joe Young, The Cruelest Day, Mission Impossible II, Space Cowboys, The Snatch, Fugitive Pieces, Battle in Seattle, The Eye, Quarantine, Shun li and the poet, In the land of blood and honey, and TV series like 24, CSI: Miami, and Downton Abbey.<\/p>\n<p>He has acted and collaborated with multiple world-renowned actors, including Vanessa Redgrave, Charlize Theron, Elisabeth Shue, John Turturro, Tom Cruise, Glenn Close, Val Kilmer, Ralph Fiennes, Morgan Freeman, and Maggie Smith.<\/p>\n<p>In his long career he has been awarded numerous national and international awards.<\/p>\n<p>In 2012, he started working at the Department of Acting and Media Studies at the University of Rijeka, where he teaches acting.<\/p>\n<p>Together with Borislav Vuj\u010di\u0107, he founded Ulysses Theatre and was its artistic director until 2012.<\/p>\n<p>&nbsp;<\/p>\n<p><strong><img loading=\"lazy\" decoding=\"async\" class=\"alignleft  wp-image-1575\" src=\"http:\/\/www.ulysses.hr\/wp-content\/uploads\/2017\/01\/borislavvujcic.jpg\" alt=\"\" width=\"220\" height=\"330\" srcset=\"https:\/\/www.ulysses.hr\/wp-content\/uploads\/2017\/01\/borislavvujcic.jpg 639w, https:\/\/www.ulysses.hr\/wp-content\/uploads\/2017\/01\/borislavvujcic-200x300.jpg 200w, https:\/\/www.ulysses.hr\/wp-content\/uploads\/2017\/01\/borislavvujcic-67x100.jpg 67w\" sizes=\"auto, (max-width: 220px) 100vw, 220px\" \/>Borislav Vuj\u010di\u0107<\/strong> was a prose writer, playwright, poet and dramaturge. He was born in Orah near Vrgorac in 1957, and died in Zagreb in 2005.<\/p>\n<p>He published a number of poetry, drama and prose pieces &#8211; seven novels, four collections of short stories, three poetry collections and two books of plays. Many of his plays were produced in Croatian theatres, while the films &#8220;Leaden Communion&#8221; and &#8220;Dead point&#8221; were based on his screenplays. Many of his plays were also broadcast on Croatian radio.<\/p>\n<p>He has received numerous literary and theatrical awards: his collection of short stories, &#8220;A kiss on the forehead of XX. Century&#8221; was awarded Best Prose entry in the 1986 Logos contest, his dark comedy &#8220;Church Mouse&#8221; received the Marin Dr\u017ei\u0107 award in 1991, the film novella &#8220;Passion of light&#8221; was celebrated at the Jadran film contest in 1993 and that same year he received the Marul Award for his dramatization of Krle\u017eijada.<\/p>\n<p>TV movie &#8220;Leaden Communion&#8221; was awarded the Croatian Theatre Award in 1995 and Vuj\u010di\u0107 received the Marin Dr\u017ei\u0107 award for his dark comedy \u201cViper\u2019s rebound\u201d, tragedy &#8220;Asfodel&#8221; and drama &#8220;Revel of ashes&#8221; in different years.<\/p>\n<p>In 2005 he won the first prize in the \u201cVe\u010dernji List\u201d short story contest.<\/p>\n<p>Together with Rade \u0160erbed\u017eija he was a co-founder and director of the Ulysses Theatre.<\/p>\n","protected":false},"excerpt":{"rendered":"<p>Rade \u0160erbed\u017eija graduated from the Academy of Dramatic Arts in Zagreb. Still a student, he started to play the leading roles in films and theatre productions. He is remembered as an outstanding Peer Gynt, Don Juan, Georgij, Melkior, Oedipus, Hamlet, Leon, King Lear and Richard III. He has written and published four books of poetry [&hellip;]<\/p>\n","protected":false},"author":1,"featured_media":180,"parent":268,"menu_order":4,"comment_status":"closed","ping_status":"closed","template":"","meta":{"_acf_changed":false,"footnotes":""},"class_list":["post-289","page","type-page","status-publish","has-post-thumbnail","hentry"],"acf":[],"_links":{"self":[{"href":"https:\/\/www.ulysses.hr\/en\/wp-json\/wp\/v2\/pages\/289","targetHints":{"allow":["GET"]}}],"collection":[{"href":"https:\/\/www.ulysses.hr\/en\/wp-json\/wp\/v2\/pages"}],"about":[{"href":"https:\/\/www.ulysses.hr\/en\/wp-json\/wp\/v2\/types\/page"}],"author":[{"embeddable":true,"href":"https:\/\/www.ulysses.hr\/en\/wp-json\/wp\/v2\/users\/1"}],"replies":[{"embeddable":true,"href":"https:\/\/www.ulysses.hr\/en\/wp-json\/wp\/v2\/comments?post=289"}],"version-history":[{"count":6,"href":"https:\/\/www.ulysses.hr\/en\/wp-json\/wp\/v2\/pages\/289\/revisions"}],"predecessor-version":[{"id":14324,"href":"https:\/\/www.ulysses.hr\/en\/wp-json\/wp\/v2\/pages\/289\/revisions\/14324"}],"up":[{"embeddable":true,"href":"https:\/\/www.ulysses.hr\/en\/wp-json\/wp\/v2\/pages\/268"}],"wp:featuredmedia":[{"embeddable":true,"href":"https:\/\/www.ulysses.hr\/en\/wp-json\/wp\/v2\/media\/180"}],"wp:attachment":[{"href":"https:\/\/www.ulysses.hr\/en\/wp-json\/wp\/v2\/media?parent=289"}],"curies":[{"name":"wp","href":"https:\/\/api.w.org\/{rel}","templated":true}]}}