{"id":232,"date":"2017-01-18T19:34:46","date_gmt":"2017-01-18T19:34:46","guid":{"rendered":"http:\/\/www.ulysses.hr\/?page_id=232\/"},"modified":"2017-01-18T19:34:46","modified_gmt":"2017-01-18T19:34:46","slug":"tickets","status":"publish","type":"page","link":"https:\/\/www.ulysses.hr\/en\/tickets\/","title":{"rendered":"Tickets"},"content":{"rendered":"<p><strong>BOX OFFICE<\/strong><\/p>\n<p>Tickets are in sale on Ulysses Theatre website, via Eventim network, and in Fa\u017eana (Brijuni National Park reception).<\/p>\n<p><strong>Fa\u017eana box office<\/strong><br \/>\nBrijuni National Park reception<br \/>\n52212 Fa\u017eana<br \/>\nPhone: +385 52 525 829<br \/>\nWorking hours: every day\u00a0from 10am to 1:15pm and from 6pm to 10pm.<\/p>\n<p><strong>Eventim<\/strong><br \/>\nTickets can be bought online or at Eventim sale-points.<br \/>\nThe list of sale-points can be found at <a href=\"http:\/\/www.eventim.hr\/hr\/outlets\/croatia\/\">www.eventim.hr\/hr\/outlets\/croatia\/<\/a><br \/>\n<strong>TICKET PRICES<\/strong><\/p>\n<p>Regular ticket price on Mali Brijun:\u00a0<strong>150,00 kn<\/strong><br \/>\nStudent and pensioner tickets on Mali Brijun (exclusively at the box office):\u00a0<strong>100,00 kn<\/strong><\/p>\n<p>Richard III prices: <strong>250 kn<\/strong>\u00a0until 15.07., <strong>300 kn<\/strong> from 16.07. (12th and 13th August) \/ <strong>300 kn<\/strong> (11th August)<\/p>\n<p>Regular ticket price on Veliki Brijun:\u00a0<strong>80,00 kn<\/strong><br \/>\nStudent and pensioner tickets on Veliki Brijun (exclusively at the box office):\u00a0<strong>50,00 kn<\/strong><\/p>\n<p>Discounts are available only on sale via\u00a0<a href=\"http:\/\/www.ulysses.hr\/\">www.ulysses.hr<\/a> and at the box office in Fa\u017eana. A document or certificate proving the status is required.<\/p>\n<p>All payments will be effected in Croatian currency. The charged amount on your credit card account is converted into your local currency according to the exchange rate of credit card associations.<br \/>\n<strong>TICKET RESERVATION<\/strong><\/p>\n<p>Tickets can be reserved <strong>by telephone<\/strong> (+385 91 796 7197) since June 1st or <strong>online<\/strong>\u00a0since May 26th on <a href=\"http:\/\/www.ulysses.hr\/hr\/repertoar\/\">www.ulysses.hr\/hr\/repertoar\/<\/a>.<br \/>\nReserved tickets can be picked up and payed for only in Fa\u017eana up until 30 minutes before the beginning of the show\/departure of the boat.<\/p>\n<p>Further information regarding tickets can be obtained at <a href=\"mailto:ulaznice@ulysses.hr\">ulaznice@ulysses.hr<\/a>.<\/p>\n","protected":false},"excerpt":{"rendered":"<p>BOX OFFICE Tickets are in sale on Ulysses Theatre website, via Eventim network, and in Fa\u017eana (Brijuni National Park reception). Fa\u017eana box office Brijuni National Park reception 52212 Fa\u017eana Phone: +385 52 525 829 Working hours: every day\u00a0from 10am to 1:15pm and from 6pm to 10pm. Eventim Tickets can be bought online or at Eventim [&hellip;]<\/p>\n","protected":false},"author":1,"featured_media":0,"parent":0,"menu_order":71,"comment_status":"closed","ping_status":"closed","template":"page_single_column.php","meta":{"_acf_changed":false,"footnotes":""},"class_list":["post-232","page","type-page","status-publish","hentry"],"acf":[],"_links":{"self":[{"href":"https:\/\/www.ulysses.hr\/en\/wp-json\/wp\/v2\/pages\/232","targetHints":{"allow":["GET"]}}],"collection":[{"href":"https:\/\/www.ulysses.hr\/en\/wp-json\/wp\/v2\/pages"}],"about":[{"href":"https:\/\/www.ulysses.hr\/en\/wp-json\/wp\/v2\/types\/page"}],"author":[{"embeddable":true,"href":"https:\/\/www.ulysses.hr\/en\/wp-json\/wp\/v2\/users\/1"}],"replies":[{"embeddable":true,"href":"https:\/\/www.ulysses.hr\/en\/wp-json\/wp\/v2\/comments?post=232"}],"version-history":[{"count":1,"href":"https:\/\/www.ulysses.hr\/en\/wp-json\/wp\/v2\/pages\/232\/revisions"}],"predecessor-version":[{"id":233,"href":"https:\/\/www.ulysses.hr\/en\/wp-json\/wp\/v2\/pages\/232\/revisions\/233"}],"wp:attachment":[{"href":"https:\/\/www.ulysses.hr\/en\/wp-json\/wp\/v2\/media?parent=232"}],"curies":[{"name":"wp","href":"https:\/\/api.w.org\/{rel}","templated":true}]}}